{"id":148,"date":"2026-02-25T07:22:37","date_gmt":"2026-02-25T07:22:37","guid":{"rendered":"https:\/\/dev.aral-sales.eu\/?page_id=148"},"modified":"2026-02-25T07:22:37","modified_gmt":"2026-02-25T07:22:37","slug":"compliance-documentation","status":"publish","type":"page","link":"https:\/\/refrigerantpro.com\/at\/compliance-documentation\/","title":{"rendered":"Konformit\u00e4t und Dokumentation"},"content":{"rendered":"\n<div class=\"wp-block-group has-global-padding is-layout-constrained wp-block-group-is-layout-constrained\" style=\"padding-top:var(--wp--preset--spacing--20);padding-bottom:var(--wp--preset--spacing--20)\">\n<p class=\"has-text-align-center\">Alle unsere K\u00e4ltemittel (HFKW) entsprechen den geltenden europ\u00e4ischen Vorschriften sowie den internationalen Transportregelungen. Dazu z\u00e4hlen insbesondere die Anforderungen der F-Gas-Verordnung (EU) Nr. 517\/2014, der REACH-Verordnung sowie der ADR-Vorschriften f\u00fcr den Gefahrguttransport.<\/p>\n\n\n\n<p>Auf dieser Seite finden Sie die wichtigsten Dokumente zu jedem K\u00e4ltemittel, darunter Sicherheitsdatenbl\u00e4tter (SDS), ADR-Informationen, CE-Konformit\u00e4t der Druckbeh\u00e4lter sowie F-Gas-Konformit\u00e4tserkl\u00e4rungen.<\/p>\n\n\n\n<p>Die bereitgestellte Dokumentation richtet sich an zertifizierte Fachbetriebe, H\u00e4ndler und Unternehmen, die beim Kauf, der Lagerung und dem Transport von K\u00e4ltemitteln auf klare technische und rechtliche Informationen angewiesen sind.<\/p>\n\n\n\n<p class=\"has-text-align-center\">F\u00fcr weitere Informationen oder spezifische Unterlagen <a href=\"https:\/\/refrigerantpro.com\/at\/de\/contact\/\">kontaktieren<\/a> Sie uns bitte direkt.<\/p>\n<\/div>\n\n\n\n<div class=\"wp-block-group alignfull is-style-section-2 is-layout-flow wp-block-group-is-layout-flow is-style-section-2--1\" style=\"margin-top:0;margin-bottom:0rem;padding-top:var(--wp--preset--spacing--30);padding-right:var(--wp--preset--spacing--30);padding-bottom:var(--wp--preset--spacing--30);padding-left:var(--wp--preset--spacing--30)\">\n<div class=\"wp-block-columns is-layout-flex wp-container-core-columns-is-layout-28f84493 wp-block-columns-is-layout-flex\">\n<div class=\"wp-block-column is-vertically-aligned-top is-layout-flow wp-block-column-is-layout-flow\" style=\"border-right-width:1px\">\n<h2 class=\"wp-block-heading has-text-align-center\">R404a<\/h2>\n\n\n\n<ul class=\"wp-block-list\">\n<li><a href=\"https:\/\/refrigerantpro.com\/at\/wp-content\/uploads\/sites\/4\/2026\/03\/R404A.pdf\" target=\"_blank\" rel=\"noreferrer noopener\">SDS<\/a><\/li>\n\n\n\n<li><a href=\"https:\/\/refrigerantpro.com\/at\/wp-content\/uploads\/sites\/4\/2026\/03\/ADR-Compliant-Transport-of-Refrigerants.pdf\" target=\"_blank\" rel=\"noreferrer noopener\">ADR<\/a><\/li>\n\n\n\n<li><a href=\"https:\/\/refrigerantpro.com\/at\/wp-content\/uploads\/sites\/4\/2026\/03\/Cylinder-Policy.pdf\" target=\"_blank\" rel=\"noreferrer noopener\">CE<\/a><\/li>\n\n\n\n<li><a href=\"https:\/\/refrigerantpro.com\/at\/wp-content\/uploads\/sites\/4\/2026\/03\/EU-2024-F-Gas-Regulation-EU-2024-573.pdf\" target=\"_blank\" rel=\"noreferrer noopener\">F-Gas declaration<\/a><\/li>\n<\/ul>\n<\/div>\n\n\n\n<div class=\"wp-block-column is-layout-flow wp-block-column-is-layout-flow\" style=\"border-right-width:1px\">\n<h2 class=\"wp-block-heading has-text-align-center\">R32<\/h2>\n\n\n\n<ul class=\"wp-block-list\">\n<li>SDS<\/li>\n\n\n\n<li><a href=\"https:\/\/refrigerantpro.com\/at\/wp-content\/uploads\/sites\/4\/2026\/03\/ADR-Compliant-Transport-of-Refrigerants.pdf\" target=\"_blank\" rel=\"noreferrer noopener\">ADR<\/a><\/li>\n\n\n\n<li><a href=\"https:\/\/refrigerantpro.com\/at\/wp-content\/uploads\/sites\/4\/2026\/03\/Cylinder-Policy.pdf\" target=\"_blank\" rel=\"noreferrer noopener\">CE<\/a><\/li>\n\n\n\n<li><a href=\"https:\/\/refrigerantpro.com\/at\/wp-content\/uploads\/sites\/4\/2026\/03\/EU-2024-F-Gas-Regulation-EU-2024-573.pdf\" target=\"_blank\" rel=\"noreferrer noopener\">F-Gas declaration<\/a><\/li>\n<\/ul>\n<\/div>\n\n\n\n<div class=\"wp-block-column is-layout-flow wp-block-column-is-layout-flow\" style=\"border-right-width:1px\">\n<h2 class=\"wp-block-heading has-text-align-center\">R407c<\/h2>\n\n\n\n<ul class=\"wp-block-list\">\n<li><a href=\"https:\/\/refrigerantpro.com\/at\/wp-content\/uploads\/sites\/4\/2026\/03\/Refrigerant_R407c.pdf\" target=\"_blank\" rel=\"noreferrer noopener\">SDS<\/a><\/li>\n\n\n\n<li><a href=\"https:\/\/refrigerantpro.com\/at\/wp-content\/uploads\/sites\/4\/2026\/03\/ADR-Compliant-Transport-of-Refrigerants.pdf\" target=\"_blank\" rel=\"noreferrer noopener\">ADR<\/a><\/li>\n\n\n\n<li><a href=\"https:\/\/refrigerantpro.com\/at\/wp-content\/uploads\/sites\/4\/2026\/03\/Cylinder-Policy.pdf\" target=\"_blank\" rel=\"noreferrer noopener\">CE<\/a><\/li>\n\n\n\n<li><a href=\"https:\/\/refrigerantpro.com\/at\/wp-content\/uploads\/sites\/4\/2026\/03\/EU-2024-F-Gas-Regulation-EU-2024-573.pdf\" target=\"_blank\" rel=\"noreferrer noopener\">F-Gas declaration<\/a><\/li>\n<\/ul>\n<\/div>\n\n\n\n<div class=\"wp-block-column is-layout-flow wp-block-column-is-layout-flow\" style=\"border-right-width:1px\">\n<h2 class=\"wp-block-heading has-text-align-center\">R134a<\/h2>\n\n\n\n<ul class=\"wp-block-list\">\n<li><a href=\"https:\/\/refrigerantpro.com\/at\/wp-content\/uploads\/sites\/4\/2026\/03\/HIRIP-134A.pdf\" target=\"_blank\" rel=\"noreferrer noopener\">SDS<\/a><\/li>\n\n\n\n<li><a href=\"https:\/\/refrigerantpro.com\/at\/wp-content\/uploads\/sites\/4\/2026\/03\/ADR-Compliant-Transport-of-Refrigerants.pdf\" target=\"_blank\" rel=\"noreferrer noopener\">ADR<\/a><\/li>\n\n\n\n<li><a href=\"https:\/\/refrigerantpro.com\/at\/wp-content\/uploads\/sites\/4\/2026\/03\/Cylinder-Policy.pdf\" target=\"_blank\" rel=\"noreferrer noopener\">CE<\/a><\/li>\n\n\n\n<li><a href=\"https:\/\/refrigerantpro.com\/at\/wp-content\/uploads\/sites\/4\/2026\/03\/EU-2024-F-Gas-Regulation-EU-2024-573.pdf\" target=\"_blank\" rel=\"noreferrer noopener\">F-Gas declaration<\/a><\/li>\n<\/ul>\n<\/div>\n\n\n\n<div class=\"wp-block-column is-layout-flow wp-block-column-is-layout-flow\">\n<h2 class=\"wp-block-heading has-text-align-center\">R410a<\/h2>\n\n\n\n<ul class=\"wp-block-list\">\n<li><a href=\"https:\/\/refrigerantpro.com\/at\/wp-content\/uploads\/sites\/4\/2026\/03\/Refrigerant_R410a.pdf\" target=\"_blank\" rel=\"noreferrer noopener\">SDS<\/a><\/li>\n\n\n\n<li><a href=\"https:\/\/refrigerantpro.com\/at\/wp-content\/uploads\/sites\/4\/2026\/03\/ADR-Compliant-Transport-of-Refrigerants.pdf\" target=\"_blank\" rel=\"noreferrer noopener\">ADR<\/a><\/li>\n\n\n\n<li><a href=\"https:\/\/refrigerantpro.com\/at\/wp-content\/uploads\/sites\/4\/2026\/03\/Cylinder-Policy.pdf\" target=\"_blank\" rel=\"noreferrer noopener\">CE<\/a><\/li>\n\n\n\n<li><a href=\"https:\/\/refrigerantpro.com\/at\/wp-content\/uploads\/sites\/4\/2026\/03\/EU-2024-F-Gas-Regulation-EU-2024-573.pdf\" target=\"_blank\" rel=\"noreferrer noopener\">F-Gas declaration<\/a><\/li>\n<\/ul>\n<\/div>\n<\/div>\n<\/div>\n","protected":false},"excerpt":{"rendered":"<p>Alle unsere K\u00e4ltemittel (HFKW) entsprechen den geltenden europ\u00e4ischen Vorschriften sowie den internationalen Transportregelungen. Dazu z\u00e4hlen insbesondere die Anforderungen der F-Gas-Verordnung (EU) Nr. 517\/2014, der REACH-Verordnung sowie der ADR-Vorschriften f\u00fcr den Gefahrguttransport. Auf dieser Seite finden Sie die wichtigsten Dokumente zu jedem K\u00e4ltemittel, darunter Sicherheitsdatenbl\u00e4tter (SDS), ADR-Informationen, CE-Konformit\u00e4t der Druckbeh\u00e4lter sowie F-Gas-Konformit\u00e4tserkl\u00e4rungen. Die bereitgestellte Dokumentation richtet [&hellip;]<\/p>\n","protected":false},"author":1,"featured_media":0,"parent":0,"menu_order":0,"comment_status":"closed","ping_status":"closed","template":"","meta":{"footnotes":""},"class_list":["post-148","page","type-page","status-publish","hentry"],"yoast_head":"<!-- This site is optimized with the Yoast SEO plugin v27.4 - https:\/\/yoast.com\/product\/yoast-seo-wordpress\/ -->\n<title>Konformit\u00e4t und Dokumentation - RefrigerantPro \u00d6sterreich<\/title>\n<meta name=\"robots\" content=\"index, follow, max-snippet:-1, max-image-preview:large, max-video-preview:-1\" \/>\n<link rel=\"canonical\" href=\"https:\/\/refrigerantpro.com\/at\/compliance-documentation\/\" \/>\n<meta property=\"og:locale\" content=\"de_DE\" \/>\n<meta property=\"og:type\" content=\"article\" \/>\n<meta property=\"og:title\" content=\"Konformit\u00e4t und Dokumentation - RefrigerantPro \u00d6sterreich\" \/>\n<meta property=\"og:description\" content=\"Alle unsere K\u00e4ltemittel (HFKW) entsprechen den geltenden europ\u00e4ischen Vorschriften sowie den internationalen Transportregelungen. Dazu z\u00e4hlen insbesondere die Anforderungen der F-Gas-Verordnung (EU) Nr. 517\/2014, der REACH-Verordnung sowie der ADR-Vorschriften f\u00fcr den Gefahrguttransport. Auf dieser Seite finden Sie die wichtigsten Dokumente zu jedem K\u00e4ltemittel, darunter Sicherheitsdatenbl\u00e4tter (SDS), ADR-Informationen, CE-Konformit\u00e4t der Druckbeh\u00e4lter sowie F-Gas-Konformit\u00e4tserkl\u00e4rungen. Die bereitgestellte Dokumentation richtet [&hellip;]\" \/>\n<meta property=\"og:url\" content=\"https:\/\/refrigerantpro.com\/at\/compliance-documentation\/\" \/>\n<meta property=\"og:site_name\" content=\"RefrigerantPro \u00d6sterreich\" \/>\n<meta name=\"twitter:card\" content=\"summary_large_image\" \/>\n<meta name=\"twitter:label1\" content=\"Gesch\u00e4tzte Lesezeit\" \/>\n\t<meta name=\"twitter:data1\" content=\"1\u00a0Minute\" \/>\n<script type=\"application\/ld+json\" class=\"yoast-schema-graph\">{\"@context\":\"https:\\\/\\\/schema.org\",\"@graph\":[{\"@type\":\"WebPage\",\"@id\":\"https:\\\/\\\/refrigerantpro.com\\\/at\\\/compliance-documentation\\\/\",\"url\":\"https:\\\/\\\/refrigerantpro.com\\\/at\\\/compliance-documentation\\\/\",\"name\":\"Konformit\u00e4t und Dokumentation - RefrigerantPro \u00d6sterreich\",\"isPartOf\":{\"@id\":\"https:\\\/\\\/refrigerantpro.com\\\/at\\\/#website\"},\"datePublished\":\"2026-02-25T07:22:37+00:00\",\"breadcrumb\":{\"@id\":\"https:\\\/\\\/refrigerantpro.com\\\/at\\\/compliance-documentation\\\/#breadcrumb\"},\"inLanguage\":\"de\",\"potentialAction\":[{\"@type\":\"ReadAction\",\"target\":[\"https:\\\/\\\/refrigerantpro.com\\\/at\\\/compliance-documentation\\\/\"]}]},{\"@type\":\"BreadcrumbList\",\"@id\":\"https:\\\/\\\/refrigerantpro.com\\\/at\\\/compliance-documentation\\\/#breadcrumb\",\"itemListElement\":[{\"@type\":\"ListItem\",\"position\":1,\"name\":\"Home\",\"item\":\"https:\\\/\\\/refrigerantpro.com\\\/at\\\/\"},{\"@type\":\"ListItem\",\"position\":2,\"name\":\"Konformit\u00e4t und Dokumentation\"}]},{\"@type\":\"WebSite\",\"@id\":\"https:\\\/\\\/refrigerantpro.com\\\/at\\\/#website\",\"url\":\"https:\\\/\\\/refrigerantpro.com\\\/at\\\/\",\"name\":\"RefrigerantPro \u00d6sterreich\",\"description\":\"\",\"potentialAction\":[{\"@type\":\"SearchAction\",\"target\":{\"@type\":\"EntryPoint\",\"urlTemplate\":\"https:\\\/\\\/refrigerantpro.com\\\/at\\\/?s={search_term_string}\"},\"query-input\":{\"@type\":\"PropertyValueSpecification\",\"valueRequired\":true,\"valueName\":\"search_term_string\"}}],\"inLanguage\":\"de\"}]}<\/script>\n<!-- \/ Yoast SEO plugin. -->","yoast_head_json":{"title":"Konformit\u00e4t und Dokumentation - RefrigerantPro \u00d6sterreich","robots":{"index":"index","follow":"follow","max-snippet":"max-snippet:-1","max-image-preview":"max-image-preview:large","max-video-preview":"max-video-preview:-1"},"canonical":"https:\/\/refrigerantpro.com\/at\/compliance-documentation\/","og_locale":"de_DE","og_type":"article","og_title":"Konformit\u00e4t und Dokumentation - RefrigerantPro \u00d6sterreich","og_description":"Alle unsere K\u00e4ltemittel (HFKW) entsprechen den geltenden europ\u00e4ischen Vorschriften sowie den internationalen Transportregelungen. Dazu z\u00e4hlen insbesondere die Anforderungen der F-Gas-Verordnung (EU) Nr. 517\/2014, der REACH-Verordnung sowie der ADR-Vorschriften f\u00fcr den Gefahrguttransport. Auf dieser Seite finden Sie die wichtigsten Dokumente zu jedem K\u00e4ltemittel, darunter Sicherheitsdatenbl\u00e4tter (SDS), ADR-Informationen, CE-Konformit\u00e4t der Druckbeh\u00e4lter sowie F-Gas-Konformit\u00e4tserkl\u00e4rungen. Die bereitgestellte Dokumentation richtet [&hellip;]","og_url":"https:\/\/refrigerantpro.com\/at\/compliance-documentation\/","og_site_name":"RefrigerantPro \u00d6sterreich","twitter_card":"summary_large_image","twitter_misc":{"Gesch\u00e4tzte Lesezeit":"1\u00a0Minute"},"schema":{"@context":"https:\/\/schema.org","@graph":[{"@type":"WebPage","@id":"https:\/\/refrigerantpro.com\/at\/compliance-documentation\/","url":"https:\/\/refrigerantpro.com\/at\/compliance-documentation\/","name":"Konformit\u00e4t und Dokumentation - RefrigerantPro \u00d6sterreich","isPartOf":{"@id":"https:\/\/refrigerantpro.com\/at\/#website"},"datePublished":"2026-02-25T07:22:37+00:00","breadcrumb":{"@id":"https:\/\/refrigerantpro.com\/at\/compliance-documentation\/#breadcrumb"},"inLanguage":"de","potentialAction":[{"@type":"ReadAction","target":["https:\/\/refrigerantpro.com\/at\/compliance-documentation\/"]}]},{"@type":"BreadcrumbList","@id":"https:\/\/refrigerantpro.com\/at\/compliance-documentation\/#breadcrumb","itemListElement":[{"@type":"ListItem","position":1,"name":"Home","item":"https:\/\/refrigerantpro.com\/at\/"},{"@type":"ListItem","position":2,"name":"Konformit\u00e4t und Dokumentation"}]},{"@type":"WebSite","@id":"https:\/\/refrigerantpro.com\/at\/#website","url":"https:\/\/refrigerantpro.com\/at\/","name":"RefrigerantPro \u00d6sterreich","description":"","potentialAction":[{"@type":"SearchAction","target":{"@type":"EntryPoint","urlTemplate":"https:\/\/refrigerantpro.com\/at\/?s={search_term_string}"},"query-input":{"@type":"PropertyValueSpecification","valueRequired":true,"valueName":"search_term_string"}}],"inLanguage":"de"}]}},"jetpack_sharing_enabled":true,"_links":{"self":[{"href":"https:\/\/refrigerantpro.com\/at\/wp-json\/wp\/v2\/pages\/148","targetHints":{"allow":["GET"]}}],"collection":[{"href":"https:\/\/refrigerantpro.com\/at\/wp-json\/wp\/v2\/pages"}],"about":[{"href":"https:\/\/refrigerantpro.com\/at\/wp-json\/wp\/v2\/types\/page"}],"author":[{"embeddable":true,"href":"https:\/\/refrigerantpro.com\/at\/wp-json\/wp\/v2\/users\/1"}],"replies":[{"embeddable":true,"href":"https:\/\/refrigerantpro.com\/at\/wp-json\/wp\/v2\/comments?post=148"}],"version-history":[{"count":0,"href":"https:\/\/refrigerantpro.com\/at\/wp-json\/wp\/v2\/pages\/148\/revisions"}],"wp:attachment":[{"href":"https:\/\/refrigerantpro.com\/at\/wp-json\/wp\/v2\/media?parent=148"}],"curies":[{"name":"wp","href":"https:\/\/api.w.org\/{rel}","templated":true}]}}